{"id":9017,"date":"2018-02-28T14:55:56","date_gmt":"2018-02-28T14:55:56","guid":{"rendered":"https:\/\/letsgoandtrain.com\/sobre-nosotros\/"},"modified":"2022-07-13T08:03:29","modified_gmt":"2022-07-13T08:03:29","slug":"sobre-nosaltres","status":"publish","type":"page","link":"https:\/\/letsgoandtrain.com\/ca\/sobre-nosaltres\/","title":{"rendered":"Sobre nosaltres"},"content":{"rendered":"\t\t<div data-elementor-type=\"wp-page\" data-elementor-id=\"9017\" class=\"elementor elementor-9017 elementor-1570\">\n\t\t\t\t\t\t<section class=\"elementor-section elementor-top-section elementor-element elementor-element-df9f911 elementor-section-full_width qodef-elementor-row-grid-section elementor-section-height-default elementor-section-height-default qodef-parallax-row-no qodef-content-aligment-left qodef-disabled-bg-image-bellow-no\" data-id=\"df9f911\" data-element_type=\"section\" data-e-type=\"section\">\n\t\t\t\t\t\t<div class=\"elementor-container elementor-column-gap-default\">\n\t\t\t\t\t<div class=\"elementor-column elementor-col-50 elementor-top-column elementor-element elementor-element-da23fe1\" data-id=\"da23fe1\" data-element_type=\"column\" data-e-type=\"column\">\n\t\t\t<div class=\"elementor-widget-wrap elementor-element-populated\">\n\t\t\t\t\t\t<div class=\"elementor-element elementor-element-c5b8458 elementor-widget__width-inherit elementor-widget elementor-widget-qodef_icon_with_text\" data-id=\"c5b8458\" data-element_type=\"widget\" data-e-type=\"widget\" data-widget_type=\"qodef_icon_with_text.default\">\n\t\t\t\t<div class=\"elementor-widget-container\">\n\t\t\t\t\t<div class=\"qodef-iwt clearfix  qodef-iwt-icon-top qodef-iwt-icon-medium\">\n\t\t<div class=\"qodef-iwt-icon\">\n\t\t\t\t\t<img decoding=\"async\" width=\"85\" height=\"85\" src=\"https:\/\/letsgoandtrain.com\/wp-content\/uploads\/2018\/02\/h1-custom-icon-img-1.png\" class=\"attachment-full size-full\" alt=\"v\" \/>\t\t\t<\/div>\n\t<div class=\"qodef-iwt-content\" >\n\t\t\t\t\t<h5 class=\"qodef-iwt-title\" style=\"color: #A2D998;margin-top: -25px\">\n\t\t\t\t<span class=\"qodef-iwt-title-text\">Qualitat d\u00b4entrenaments<\/span>\n\t\t\t<\/h5>\n\t\t\t<\/div>\n\t\t\n\t<div class=\"qodef-iwt-content qodef-iwt-content-bottom\" >\t\n\t\t\t\t\t<p class=\"qodef-iwt-text\" style=\"margin-top: 15px\">Creiem i confiem que seguint les pautes dels nostres professionals podreu experimentar els beneficis f\u00edsics i mentals d&#039;una vida saludable.<\/p>\n\t\t\t<\/div>\n<\/div>\t\t\t\t<\/div>\n\t\t\t\t<\/div>\n\t\t\t\t\t<\/div>\n\t\t<\/div>\n\t\t\t\t<div class=\"elementor-column elementor-col-50 elementor-top-column elementor-element elementor-element-8ec6e32\" data-id=\"8ec6e32\" data-element_type=\"column\" data-e-type=\"column\">\n\t\t\t<div class=\"elementor-widget-wrap elementor-element-populated\">\n\t\t\t\t\t\t<div class=\"elementor-element elementor-element-bdaf2fe elementor-widget__width-inherit elementor-widget elementor-widget-qodef_icon_with_text\" data-id=\"bdaf2fe\" data-element_type=\"widget\" data-e-type=\"widget\" data-widget_type=\"qodef_icon_with_text.default\">\n\t\t\t\t<div class=\"elementor-widget-container\">\n\t\t\t\t\t<div class=\"qodef-iwt clearfix  qodef-iwt-icon-top qodef-iwt-icon-medium\">\n\t\t<div class=\"qodef-iwt-icon\">\n\t\t\t\t\t<img decoding=\"async\" width=\"85\" height=\"85\" src=\"https:\/\/letsgoandtrain.com\/wp-content\/uploads\/2018\/02\/h1-custom-icon-img-2.png\" class=\"attachment-full size-full\" alt=\"v\" \/>\t\t\t<\/div>\n\t<div class=\"qodef-iwt-content\" >\n\t\t\t\t\t<h5 class=\"qodef-iwt-title\" style=\"color: #A2D998;margin-top: -25px\">\n\t\t\t\t<span class=\"qodef-iwt-title-text\">Pla de Nutrici\u00f3 i vida Saludable<\/span>\n\t\t\t<\/h5>\n\t\t\t<\/div>\n\t\t\n\t<div class=\"qodef-iwt-content qodef-iwt-content-bottom\" >\t\n\t\t\t\t\t<p class=\"qodef-iwt-text\" style=\"margin-top: 15px\">Ens dedicarem a millorar i augmentar la teva qualitat de vida mitjan\u00e7ant un assessorament i una planificaci\u00f3 totalment personalitzades.<\/p>\n\t\t\t<\/div>\n<\/div>\t\t\t\t<\/div>\n\t\t\t\t<\/div>\n\t\t\t\t\t<\/div>\n\t\t<\/div>\n\t\t\t\t\t<\/div>\n\t\t<\/section>\n\t\t\t\t<section class=\"elementor-section elementor-top-section elementor-element elementor-element-32ccd5c elementor-section-full_width elementor-section-height-default elementor-section-height-default qodef-parallax-row-no qodef-content-aligment-left qodef-elementor-row-grid-no qodef-disabled-bg-image-bellow-no\" data-id=\"32ccd5c\" data-element_type=\"section\" data-e-type=\"section\">\n\t\t\t\t\t\t<div class=\"elementor-container elementor-column-gap-default\">\n\t\t\t\t\t<div class=\"elementor-column elementor-col-50 elementor-top-column elementor-element elementor-element-06f6025\" data-id=\"06f6025\" data-element_type=\"column\" data-e-type=\"column\" data-settings=\"{&quot;background_background&quot;:&quot;classic&quot;}\">\n\t\t\t<div class=\"elementor-widget-wrap elementor-element-populated\">\n\t\t\t\t\t\t<section class=\"elementor-section elementor-inner-section elementor-element elementor-element-cf73466 elementor-section-full_width elementor-section-height-default elementor-section-height-default qodef-parallax-row-no qodef-content-aligment-left qodef-elementor-row-grid-no qodef-disabled-bg-image-bellow-no\" data-id=\"cf73466\" data-element_type=\"section\" data-e-type=\"section\">\n\t\t\t\t\t\t<div class=\"elementor-container elementor-column-gap-default\">\n\t\t\t\t\t<div class=\"elementor-column elementor-col-100 elementor-inner-column elementor-element elementor-element-8f5d0dc\" data-id=\"8f5d0dc\" data-element_type=\"column\" data-e-type=\"column\">\n\t\t\t<div class=\"elementor-widget-wrap elementor-element-populated\">\n\t\t\t\t\t\t<div class=\"elementor-element elementor-element-fbbb7d9 elementor-widget__width-initial elementor-widget-tablet__width-inherit elementor-widget elementor-widget-qodef_section_title\" data-id=\"fbbb7d9\" data-element_type=\"widget\" data-e-type=\"widget\" data-widget_type=\"qodef_section_title.default\">\n\t\t\t\t<div class=\"elementor-widget-container\">\n\t\t\t\t\t<div class=\"qodef-section-title-holder   \" >\n\t<div class=\"qodef-st-inner\">\n\t\t\t\t\t<h2 class=\"qodef-st-title\" style=\"color: #FFFFFF\">\n\t\t\t\tA LET\u00b4S GO<br \/> &amp; TRAIN cuidem la teva salut\t\t\t<\/h2>\n\t\t                    <h4 class=\"qodef-st-title-number\" style=\"color: #3F3E42;font-size: 150px\">\n            04            <\/h4>\n        \t\t\t\t\t<p class=\"qodef-st-text\" style=\"color: #FFFFFF\">\n\t\t\t\tL\u00b4equip de Letsgo&amp;Train est\u00e0 format per professionals amb \u00e0mplia experi\u00e8ncia amb l\u00b4objectiu d\u00b4oferir el millor servei d\u00b4entrenament personal i rehabilitaci\u00f3.\nEns dedicarem a millorar i augmentar la teva qualitat de vida mitjan\u00e7ant un assessorament i una planificaci\u00f3 totalment personalitzades.\t\t\t<\/p>\n\t\t\t<\/div>\n<\/div>\t\t\t\t<\/div>\n\t\t\t\t<\/div>\n\t\t\t\t\t<\/div>\n\t\t<\/div>\n\t\t\t\t\t<\/div>\n\t\t<\/section>\n\t\t\t\t\t<\/div>\n\t\t<\/div>\n\t\t\t\t<div class=\"elementor-column elementor-col-50 elementor-top-column elementor-element elementor-element-f2a0130\" data-id=\"f2a0130\" data-element_type=\"column\" data-e-type=\"column\" data-settings=\"{&quot;background_background&quot;:&quot;classic&quot;}\">\n\t\t\t<div class=\"elementor-widget-wrap elementor-element-populated\">\n\t\t\t\t\t\t<div class=\"elementor-element elementor-element-ba0ed98 elementor-widget elementor-widget-qodef_progress_bar\" data-id=\"ba0ed98\" data-element_type=\"widget\" data-e-type=\"widget\" data-widget_type=\"qodef_progress_bar.default\">\n\t\t\t\t<div class=\"elementor-widget-container\">\n\t\t\t\t\t<div class=\"qodef-progress-bar \">\n\t<h6 class=\"qodef-pb-title-holder\" style=\"color: #FFFFFF\">\n\t\t<span class=\"qodef-pb-title\">Dedicaci\u00f3<\/span>\n        <span class=\"qodef-pb-percent-holder\">\n\t\t\t<span class=\"qodef-pb-percent\">00<\/span><span>%<\/span>\n\t\t<\/span>\n\t<\/h6>\n\t<div class=\"qodef-pb-content-holder\" >\n\t\t<div data-percentage=75 class=\"qodef-pb-content\" style=\"background-color: #A2D998\"><\/div>\n\t<\/div>\n<\/div>\t\t\t\t<\/div>\n\t\t\t\t<\/div>\n\t\t\t\t<div class=\"elementor-element elementor-element-be16ebe elementor-widget elementor-widget-qodef_progress_bar\" data-id=\"be16ebe\" data-element_type=\"widget\" data-e-type=\"widget\" data-widget_type=\"qodef_progress_bar.default\">\n\t\t\t\t<div class=\"elementor-widget-container\">\n\t\t\t\t\t<div class=\"qodef-progress-bar \">\n\t<h6 class=\"qodef-pb-title-holder\" style=\"color: #FFFFFF\">\n\t\t<span class=\"qodef-pb-title\">Motivaci\u00f3<\/span>\n        <span class=\"qodef-pb-percent-holder\">\n\t\t\t<span class=\"qodef-pb-percent\">00<\/span><span>%<\/span>\n\t\t<\/span>\n\t<\/h6>\n\t<div class=\"qodef-pb-content-holder\" >\n\t\t<div data-percentage=90 class=\"qodef-pb-content\" style=\"background-color: #A2D998\"><\/div>\n\t<\/div>\n<\/div>\t\t\t\t<\/div>\n\t\t\t\t<\/div>\n\t\t\t\t<div class=\"elementor-element elementor-element-624818c elementor-widget elementor-widget-qodef_progress_bar\" data-id=\"624818c\" data-element_type=\"widget\" data-e-type=\"widget\" data-widget_type=\"qodef_progress_bar.default\">\n\t\t\t\t<div class=\"elementor-widget-container\">\n\t\t\t\t\t<div class=\"qodef-progress-bar \">\n\t<h6 class=\"qodef-pb-title-holder\" style=\"color: #FFFFFF\">\n\t\t<span class=\"qodef-pb-title\">Implicaci\u00f3<\/span>\n        <span class=\"qodef-pb-percent-holder\">\n\t\t\t<span class=\"qodef-pb-percent\">00<\/span><span>%<\/span>\n\t\t<\/span>\n\t<\/h6>\n\t<div class=\"qodef-pb-content-holder\" >\n\t\t<div data-percentage=70 class=\"qodef-pb-content\" style=\"background-color: #A2D998\"><\/div>\n\t<\/div>\n<\/div>\t\t\t\t<\/div>\n\t\t\t\t<\/div>\n\t\t\t\t<div class=\"elementor-element elementor-element-d6c5761 elementor-widget elementor-widget-qodef_progress_bar\" data-id=\"d6c5761\" data-element_type=\"widget\" data-e-type=\"widget\" data-widget_type=\"qodef_progress_bar.default\">\n\t\t\t\t<div class=\"elementor-widget-container\">\n\t\t\t\t\t<div class=\"qodef-progress-bar \">\n\t<h6 class=\"qodef-pb-title-holder\" style=\"color: #FFFFFF\">\n\t\t<span class=\"qodef-pb-title\">Assessorament<\/span>\n        <span class=\"qodef-pb-percent-holder\">\n\t\t\t<span class=\"qodef-pb-percent\">00<\/span><span>%<\/span>\n\t\t<\/span>\n\t<\/h6>\n\t<div class=\"qodef-pb-content-holder\" >\n\t\t<div data-percentage=83 class=\"qodef-pb-content\" style=\"background-color: #A2D998\"><\/div>\n\t<\/div>\n<\/div>\t\t\t\t<\/div>\n\t\t\t\t<\/div>\n\t\t\t\t\t<\/div>\n\t\t<\/div>\n\t\t\t\t\t<\/div>\n\t\t<\/section>\n\t\t\t\t<section class=\"elementor-section elementor-top-section elementor-element elementor-element-3a575e6 elementor-section-full_width elementor-section-height-default elementor-section-height-default qodef-parallax-row-no qodef-content-aligment-left qodef-elementor-row-grid-no qodef-disabled-bg-image-bellow-no\" data-id=\"3a575e6\" data-element_type=\"section\" data-e-type=\"section\" data-settings=\"{&quot;background_background&quot;:&quot;classic&quot;}\">\n\t\t\t\t\t\t<div class=\"elementor-container elementor-column-gap-default\">\n\t\t\t\t\t<div class=\"elementor-column elementor-col-100 elementor-top-column elementor-element elementor-element-f497c79\" data-id=\"f497c79\" data-element_type=\"column\" data-e-type=\"column\">\n\t\t\t<div class=\"elementor-widget-wrap elementor-element-populated\">\n\t\t\t\t\t\t<div class=\"elementor-element elementor-element-f539907 elementor-widget elementor-widget-qodef_testimonials\" data-id=\"f539907\" data-element_type=\"widget\" data-e-type=\"widget\" data-widget_type=\"qodef_testimonials.default\">\n\t\t\t\t<div class=\"elementor-widget-container\">\n\t\t\t\t\t<div class=\"qodef-testimonials-holder clearfix qodef-testimonials-standard qodef-testimonials-light\">\n    <div class=\"qodef-testimonials qodef-owl-slider\" data-number-of-items=\"1\" data-enable-loop=\"yes\" data-enable-autoplay=\"yes\" data-slider-speed=\"5000\" data-slider-speed-animation=\"600\" data-enable-navigation=\"yes\" data-enable-pagination=\"no\" >\n\n    \n            <div class=\"qodef-testimonial-content\" id=\"qodef-testimonials-8994\">\n                <span class=\"qodef-testimonials-quote\"><\/span>\n                <div class=\"qodef-testimonial-text-holder\">\n                                                                <p class=\"qodef-testimonial-text\">M&#039;encanten els entrenaments aqu\u00ed. Des que vaig comen\u00e7ar el meu cos nota molt la difer\u00e8ncia, l&#039;ambient \u00e9s una meravella i els entrenadors s\u00f3n una passada, t&#039;acompanyen des del minut u. A m\u00e9s el lloc s\u00faper agradable molt net i organitzat.<\/p>\n                                                                <h4 class=\"qodef-testimonial-author\">\n                            <span class=\"qodef-testimonials-author-name\">Niurys Montenegro Fonte<\/span>\n                                                            <span class=\"qodef-testimonials-author-job\">Esportista<\/span>\n                                                    <\/h4>\n                                    <\/div>\n                            <\/div>\n    \n            <div class=\"qodef-testimonial-content\" id=\"qodef-testimonials-8993\">\n                <span class=\"qodef-testimonials-quote\"><\/span>\n                <div class=\"qodef-testimonial-text-holder\">\n                                                                <p class=\"qodef-testimonial-text\">Segon dia d&#039;entrenament amb Darys i sens dubte val molt la pena. Lloc ideal per entrenar amb tot el necessari i excel\u00b7lent entrenador que t&#039;aparti d&#039;entrenar, t&#039;assessora i aix\u00f2 \u00e9s molt important!<\/p>\n                                                                <h4 class=\"qodef-testimonial-author\">\n                            <span class=\"qodef-testimonials-author-name\">Adrian Lucena<\/span>\n                                                            <span class=\"qodef-testimonials-author-job\">Esportista<\/span>\n                                                    <\/h4>\n                                    <\/div>\n                            <\/div>\n    \n    <\/div>\n<\/div>\t\t\t\t<\/div>\n\t\t\t\t<\/div>\n\t\t\t\t\t<\/div>\n\t\t<\/div>\n\t\t\t\t\t<\/div>\n\t\t<\/section>\n\t\t\t\t<section class=\"elementor-section elementor-top-section elementor-element elementor-element-202af56 elementor-section-boxed elementor-section-height-default elementor-section-height-default qodef-parallax-row-no qodef-content-aligment-left qodef-elementor-row-grid-no qodef-disabled-bg-image-bellow-no\" data-id=\"202af56\" data-element_type=\"section\" data-e-type=\"section\">\n\t\t\t\t\t\t<div class=\"elementor-container elementor-column-gap-default\">\n\t\t\t\t\t<div class=\"elementor-column elementor-col-100 elementor-top-column elementor-element elementor-element-c00a77f\" data-id=\"c00a77f\" data-element_type=\"column\" data-e-type=\"column\">\n\t\t\t<div class=\"elementor-widget-wrap elementor-element-populated\">\n\t\t\t\t\t\t<div class=\"elementor-element elementor-element-6d69eb7 elementor-widget elementor-widget-spacer\" data-id=\"6d69eb7\" data-element_type=\"widget\" data-e-type=\"widget\" data-widget_type=\"spacer.default\">\n\t\t\t\t<div class=\"elementor-widget-container\">\n\t\t\t\t\t\t\t<div class=\"elementor-spacer\">\n\t\t\t<div class=\"elementor-spacer-inner\"><\/div>\n\t\t<\/div>\n\t\t\t\t\t\t<\/div>\n\t\t\t\t<\/div>\n\t\t\t\t\t<\/div>\n\t\t<\/div>\n\t\t\t\t\t<\/div>\n\t\t<\/section>\n\t\t\t\t<\/div>\n\t\t","protected":false},"excerpt":{"rendered":"<p>Qualitat d\u00b4entrenaments Creiem i confiem que seguint les pautes dels nostres professionals podreu experimentar els beneficis f\u00edsics i mentals d&#039;una vida saludable. Pla de Nutrici\u00f3 i vida Saludable Ens dedicarem a millorar i augmentar la teva qualitat de vida mitjan\u00e7ant un assessorament i una planificaci\u00f3 totalment personalitzades. A LET\u00b4S GO &amp; TRAIN cuidem la teva salut 04 L\u00b4equip de Letsgo&amp;Train est\u00e0 format per professionals amb \u00e0mplia experi\u00e8ncia amb l\u00b4objectiu d\u00b4oferir el millor servei d\u00b4entrenament personal i rehabilitaci\u00f3. Ens dedicarem a millorar i augmentar la teva qualitat de vida mitjan\u00e7ant un [&hellip;]<\/p>\n","protected":false},"author":1,"featured_media":0,"parent":0,"menu_order":0,"comment_status":"closed","ping_status":"closed","template":"full-width.php","meta":{"footnotes":""},"class_list":["post-9017","page","type-page","status-publish","hentry"],"yoast_head":"<!-- This site is optimized with the Yoast SEO plugin v27.4 - https:\/\/yoast.com\/product\/yoast-seo-wordpress\/ -->\n<title>Sobre nosaltres - Let&#039;s go &amp; train<\/title>\n<meta name=\"robots\" content=\"index, follow, max-snippet:-1, max-image-preview:large, max-video-preview:-1\" \/>\n<link rel=\"canonical\" href=\"https:\/\/letsgoandtrain.com\/ca\/sobre-nosaltres\/\" \/>\n<meta property=\"og:locale\" content=\"ca_ES\" \/>\n<meta property=\"og:type\" content=\"article\" \/>\n<meta property=\"og:title\" content=\"Sobre nosaltres - Let&#039;s go &amp; train\" \/>\n<meta property=\"og:description\" content=\"Qualitat d\u00b4entrenaments Creiem i confiem que seguint les pautes dels nostres professionals podreu experimentar els beneficis f\u00edsics i mentals d&#039;una vida saludable. Pla de Nutrici\u00f3 i vida Saludable Ens dedicarem a millorar i augmentar la teva qualitat de vida mitjan\u00e7ant un assessorament i una planificaci\u00f3 totalment personalitzades. A LET\u00b4S GO &amp; TRAIN cuidem la teva salut 04 L\u00b4equip de Letsgo&amp;Train est\u00e0 format per professionals amb \u00e0mplia experi\u00e8ncia amb l\u00b4objectiu d\u00b4oferir el millor servei d\u00b4entrenament personal i rehabilitaci\u00f3. Ens dedicarem a millorar i augmentar la teva qualitat de vida mitjan\u00e7ant un [&hellip;]\" \/>\n<meta property=\"og:url\" content=\"https:\/\/letsgoandtrain.com\/ca\/sobre-nosaltres\/\" \/>\n<meta property=\"og:site_name\" content=\"Let&#039;s go &amp; train\" \/>\n<meta property=\"article:modified_time\" content=\"2022-07-13T08:03:29+00:00\" \/>\n<meta property=\"og:image\" content=\"https:\/\/letsgoandtrain.com\/wp-content\/uploads\/2018\/02\/h1-custom-icon-img-1.png\" \/>\n<meta name=\"twitter:card\" content=\"summary_large_image\" \/>\n<meta name=\"twitter:label1\" content=\"Temps estimat de lectura\" \/>\n\t<meta name=\"twitter:data1\" content=\"3 minuts\" \/>\n<script type=\"application\/ld+json\" class=\"yoast-schema-graph\">{\"@context\":\"https:\\\/\\\/schema.org\",\"@graph\":[{\"@type\":\"WebPage\",\"@id\":\"https:\\\/\\\/letsgoandtrain.com\\\/ca\\\/sobre-nosaltres\\\/\",\"url\":\"https:\\\/\\\/letsgoandtrain.com\\\/ca\\\/sobre-nosaltres\\\/\",\"name\":\"Sobre nosaltres - Let&#039;s go &amp; train\",\"isPartOf\":{\"@id\":\"https:\\\/\\\/letsgoandtrain.com\\\/#website\"},\"primaryImageOfPage\":{\"@id\":\"https:\\\/\\\/letsgoandtrain.com\\\/ca\\\/sobre-nosaltres\\\/#primaryimage\"},\"image\":{\"@id\":\"https:\\\/\\\/letsgoandtrain.com\\\/ca\\\/sobre-nosaltres\\\/#primaryimage\"},\"thumbnailUrl\":\"https:\\\/\\\/letsgoandtrain.com\\\/wp-content\\\/uploads\\\/2018\\\/02\\\/h1-custom-icon-img-1.png\",\"datePublished\":\"2018-02-28T14:55:56+00:00\",\"dateModified\":\"2022-07-13T08:03:29+00:00\",\"breadcrumb\":{\"@id\":\"https:\\\/\\\/letsgoandtrain.com\\\/ca\\\/sobre-nosaltres\\\/#breadcrumb\"},\"inLanguage\":\"ca\",\"potentialAction\":[{\"@type\":\"ReadAction\",\"target\":[\"https:\\\/\\\/letsgoandtrain.com\\\/ca\\\/sobre-nosaltres\\\/\"]}]},{\"@type\":\"ImageObject\",\"inLanguage\":\"ca\",\"@id\":\"https:\\\/\\\/letsgoandtrain.com\\\/ca\\\/sobre-nosaltres\\\/#primaryimage\",\"url\":\"https:\\\/\\\/letsgoandtrain.com\\\/wp-content\\\/uploads\\\/2018\\\/02\\\/h1-custom-icon-img-1.png\",\"contentUrl\":\"https:\\\/\\\/letsgoandtrain.com\\\/wp-content\\\/uploads\\\/2018\\\/02\\\/h1-custom-icon-img-1.png\"},{\"@type\":\"BreadcrumbList\",\"@id\":\"https:\\\/\\\/letsgoandtrain.com\\\/ca\\\/sobre-nosaltres\\\/#breadcrumb\",\"itemListElement\":[{\"@type\":\"ListItem\",\"position\":1,\"name\":\"Home\",\"item\":\"https:\\\/\\\/letsgoandtrain.com\\\/ca\\\/\"},{\"@type\":\"ListItem\",\"position\":2,\"name\":\"Sobre nosaltres\"}]},{\"@type\":\"WebSite\",\"@id\":\"https:\\\/\\\/letsgoandtrain.com\\\/#website\",\"url\":\"https:\\\/\\\/letsgoandtrain.com\\\/\",\"name\":\"Let&#039;s go &amp; train\",\"description\":\"Entrenamiento personal, gimnasio\",\"publisher\":{\"@id\":\"https:\\\/\\\/letsgoandtrain.com\\\/#organization\"},\"potentialAction\":[{\"@type\":\"SearchAction\",\"target\":{\"@type\":\"EntryPoint\",\"urlTemplate\":\"https:\\\/\\\/letsgoandtrain.com\\\/?s={search_term_string}\"},\"query-input\":{\"@type\":\"PropertyValueSpecification\",\"valueRequired\":true,\"valueName\":\"search_term_string\"}}],\"inLanguage\":\"ca\"},{\"@type\":\"Organization\",\"@id\":\"https:\\\/\\\/letsgoandtrain.com\\\/#organization\",\"name\":\"Let&#039;s go &amp; train\",\"url\":\"https:\\\/\\\/letsgoandtrain.com\\\/\",\"logo\":{\"@type\":\"ImageObject\",\"inLanguage\":\"ca\",\"@id\":\"https:\\\/\\\/letsgoandtrain.com\\\/#\\\/schema\\\/logo\\\/image\\\/\",\"url\":\"https:\\\/\\\/letsgoandtrain.com\\\/wp-content\\\/uploads\\\/2021\\\/11\\\/Logo-LETSGOTRAINtriangle_v3.png\",\"contentUrl\":\"https:\\\/\\\/letsgoandtrain.com\\\/wp-content\\\/uploads\\\/2021\\\/11\\\/Logo-LETSGOTRAINtriangle_v3.png\",\"width\":130,\"height\":69,\"caption\":\"Let&#039;s go &amp; train\"},\"image\":{\"@id\":\"https:\\\/\\\/letsgoandtrain.com\\\/#\\\/schema\\\/logo\\\/image\\\/\"}}]}<\/script>\n<!-- \/ Yoast SEO plugin. -->","yoast_head_json":{"title":"Sobre nosaltres - Let&#039;s go &amp; train","robots":{"index":"index","follow":"follow","max-snippet":"max-snippet:-1","max-image-preview":"max-image-preview:large","max-video-preview":"max-video-preview:-1"},"canonical":"https:\/\/letsgoandtrain.com\/ca\/sobre-nosaltres\/","og_locale":"ca_ES","og_type":"article","og_title":"Sobre nosaltres - Let&#039;s go &amp; train","og_description":"Qualitat d\u00b4entrenaments Creiem i confiem que seguint les pautes dels nostres professionals podreu experimentar els beneficis f\u00edsics i mentals d&#039;una vida saludable. Pla de Nutrici\u00f3 i vida Saludable Ens dedicarem a millorar i augmentar la teva qualitat de vida mitjan\u00e7ant un assessorament i una planificaci\u00f3 totalment personalitzades. A LET\u00b4S GO &amp; TRAIN cuidem la teva salut 04 L\u00b4equip de Letsgo&amp;Train est\u00e0 format per professionals amb \u00e0mplia experi\u00e8ncia amb l\u00b4objectiu d\u00b4oferir el millor servei d\u00b4entrenament personal i rehabilitaci\u00f3. Ens dedicarem a millorar i augmentar la teva qualitat de vida mitjan\u00e7ant un [&hellip;]","og_url":"https:\/\/letsgoandtrain.com\/ca\/sobre-nosaltres\/","og_site_name":"Let&#039;s go &amp; train","article_modified_time":"2022-07-13T08:03:29+00:00","og_image":[{"url":"https:\/\/letsgoandtrain.com\/wp-content\/uploads\/2018\/02\/h1-custom-icon-img-1.png","type":"","width":"","height":""}],"twitter_card":"summary_large_image","twitter_misc":{"Temps estimat de lectura":"3 minuts"},"schema":{"@context":"https:\/\/schema.org","@graph":[{"@type":"WebPage","@id":"https:\/\/letsgoandtrain.com\/ca\/sobre-nosaltres\/","url":"https:\/\/letsgoandtrain.com\/ca\/sobre-nosaltres\/","name":"Sobre nosaltres - Let&#039;s go &amp; train","isPartOf":{"@id":"https:\/\/letsgoandtrain.com\/#website"},"primaryImageOfPage":{"@id":"https:\/\/letsgoandtrain.com\/ca\/sobre-nosaltres\/#primaryimage"},"image":{"@id":"https:\/\/letsgoandtrain.com\/ca\/sobre-nosaltres\/#primaryimage"},"thumbnailUrl":"https:\/\/letsgoandtrain.com\/wp-content\/uploads\/2018\/02\/h1-custom-icon-img-1.png","datePublished":"2018-02-28T14:55:56+00:00","dateModified":"2022-07-13T08:03:29+00:00","breadcrumb":{"@id":"https:\/\/letsgoandtrain.com\/ca\/sobre-nosaltres\/#breadcrumb"},"inLanguage":"ca","potentialAction":[{"@type":"ReadAction","target":["https:\/\/letsgoandtrain.com\/ca\/sobre-nosaltres\/"]}]},{"@type":"ImageObject","inLanguage":"ca","@id":"https:\/\/letsgoandtrain.com\/ca\/sobre-nosaltres\/#primaryimage","url":"https:\/\/letsgoandtrain.com\/wp-content\/uploads\/2018\/02\/h1-custom-icon-img-1.png","contentUrl":"https:\/\/letsgoandtrain.com\/wp-content\/uploads\/2018\/02\/h1-custom-icon-img-1.png"},{"@type":"BreadcrumbList","@id":"https:\/\/letsgoandtrain.com\/ca\/sobre-nosaltres\/#breadcrumb","itemListElement":[{"@type":"ListItem","position":1,"name":"Home","item":"https:\/\/letsgoandtrain.com\/ca\/"},{"@type":"ListItem","position":2,"name":"Sobre nosaltres"}]},{"@type":"WebSite","@id":"https:\/\/letsgoandtrain.com\/#website","url":"https:\/\/letsgoandtrain.com\/","name":"Let&#039;s go &amp; train","description":"Entrenamiento personal, gimnasio","publisher":{"@id":"https:\/\/letsgoandtrain.com\/#organization"},"potentialAction":[{"@type":"SearchAction","target":{"@type":"EntryPoint","urlTemplate":"https:\/\/letsgoandtrain.com\/?s={search_term_string}"},"query-input":{"@type":"PropertyValueSpecification","valueRequired":true,"valueName":"search_term_string"}}],"inLanguage":"ca"},{"@type":"Organization","@id":"https:\/\/letsgoandtrain.com\/#organization","name":"Let&#039;s go &amp; train","url":"https:\/\/letsgoandtrain.com\/","logo":{"@type":"ImageObject","inLanguage":"ca","@id":"https:\/\/letsgoandtrain.com\/#\/schema\/logo\/image\/","url":"https:\/\/letsgoandtrain.com\/wp-content\/uploads\/2021\/11\/Logo-LETSGOTRAINtriangle_v3.png","contentUrl":"https:\/\/letsgoandtrain.com\/wp-content\/uploads\/2021\/11\/Logo-LETSGOTRAINtriangle_v3.png","width":130,"height":69,"caption":"Let&#039;s go &amp; train"},"image":{"@id":"https:\/\/letsgoandtrain.com\/#\/schema\/logo\/image\/"}}]}},"_links":{"self":[{"href":"https:\/\/letsgoandtrain.com\/ca\/wp-json\/wp\/v2\/pages\/9017","targetHints":{"allow":["GET"]}}],"collection":[{"href":"https:\/\/letsgoandtrain.com\/ca\/wp-json\/wp\/v2\/pages"}],"about":[{"href":"https:\/\/letsgoandtrain.com\/ca\/wp-json\/wp\/v2\/types\/page"}],"author":[{"embeddable":true,"href":"https:\/\/letsgoandtrain.com\/ca\/wp-json\/wp\/v2\/users\/1"}],"replies":[{"embeddable":true,"href":"https:\/\/letsgoandtrain.com\/ca\/wp-json\/wp\/v2\/comments?post=9017"}],"version-history":[{"count":7,"href":"https:\/\/letsgoandtrain.com\/ca\/wp-json\/wp\/v2\/pages\/9017\/revisions"}],"predecessor-version":[{"id":9085,"href":"https:\/\/letsgoandtrain.com\/ca\/wp-json\/wp\/v2\/pages\/9017\/revisions\/9085"}],"wp:attachment":[{"href":"https:\/\/letsgoandtrain.com\/ca\/wp-json\/wp\/v2\/media?parent=9017"}],"curies":[{"name":"wp","href":"https:\/\/api.w.org\/{rel}","templated":true}]}}