{"id":9002,"date":"2018-02-21T13:08:06","date_gmt":"2018-02-21T13:08:06","guid":{"rendered":"https:\/\/letsgoandtrain.com\/nuestro-equipo\/"},"modified":"2022-07-13T07:59:56","modified_gmt":"2022-07-13T07:59:56","slug":"el-nostre-equip","status":"publish","type":"page","link":"https:\/\/letsgoandtrain.com\/ca\/el-nostre-equip\/","title":{"rendered":"El nostre equip"},"content":{"rendered":"\t\t<div data-elementor-type=\"wp-page\" data-elementor-id=\"9002\" class=\"elementor elementor-9002 elementor-7412\">\n\t\t\t\t\t\t<section class=\"elementor-section elementor-top-section elementor-element elementor-element-af654ec elementor-section-full_width elementor-section-height-default elementor-section-height-default qodef-parallax-row-no qodef-content-aligment-left qodef-elementor-row-grid-no qodef-disabled-bg-image-bellow-no\" data-id=\"af654ec\" data-element_type=\"section\" data-e-type=\"section\" data-settings=\"{&quot;background_background&quot;:&quot;classic&quot;}\">\n\t\t\t\t\t\t<div class=\"elementor-container elementor-column-gap-default\">\n\t\t\t\t\t<div class=\"elementor-column elementor-col-100 elementor-top-column elementor-element elementor-element-f77a1e5\" data-id=\"f77a1e5\" data-element_type=\"column\" data-e-type=\"column\">\n\t\t\t<div class=\"elementor-widget-wrap elementor-element-populated\">\n\t\t\t\t\t\t<section class=\"elementor-section elementor-inner-section elementor-element elementor-element-5e747f8 elementor-section-full_width qodef-elementor-row-grid-section elementor-section-height-default elementor-section-height-default qodef-parallax-row-no qodef-content-aligment-left qodef-disabled-bg-image-bellow-no\" data-id=\"5e747f8\" data-element_type=\"section\" data-e-type=\"section\">\n\t\t\t\t\t\t<div class=\"elementor-container elementor-column-gap-default\">\n\t\t\t\t\t<div class=\"elementor-column elementor-col-100 elementor-inner-column elementor-element elementor-element-a76142d\" data-id=\"a76142d\" data-element_type=\"column\" data-e-type=\"column\">\n\t\t\t<div class=\"elementor-widget-wrap elementor-element-populated\">\n\t\t\t\t\t\t<div class=\"elementor-element elementor-element-dab5b3d elementor-widget__width-initial elementor-widget elementor-widget-qodef_section_title\" data-id=\"dab5b3d\" data-element_type=\"widget\" data-e-type=\"widget\" data-widget_type=\"qodef_section_title.default\">\n\t\t\t\t<div class=\"elementor-widget-container\">\n\t\t\t\t\t<div class=\"qodef-section-title-holder   \" >\n\t<div class=\"qodef-st-inner\">\n\t\t\t\t\t<h2 class=\"qodef-st-title\" >\n\t\t\t\tConeix el nostre equip\t\t\t<\/h2>\n\t\t                    <h4 class=\"qodef-st-title-number\" style=\"font-size: 150px\">\n            01            <\/h4>\n        \t\t\t<\/div>\n<\/div>\t\t\t\t<\/div>\n\t\t\t\t<\/div>\n\t\t\t\t\t<\/div>\n\t\t<\/div>\n\t\t\t\t\t<\/div>\n\t\t<\/section>\n\t\t\t\t<section class=\"elementor-section elementor-inner-section elementor-element elementor-element-6abbc20 elementor-section-full_width qodef-elementor-row-grid-section elementor-section-height-default elementor-section-height-default qodef-parallax-row-no qodef-content-aligment-left qodef-disabled-bg-image-bellow-no\" data-id=\"6abbc20\" data-element_type=\"section\" data-e-type=\"section\">\n\t\t\t\t\t\t<div class=\"elementor-container elementor-column-gap-default\">\n\t\t\t\t\t<div class=\"elementor-column elementor-col-100 elementor-inner-column elementor-element elementor-element-c859b9b\" data-id=\"c859b9b\" data-element_type=\"column\" data-e-type=\"column\">\n\t\t\t<div class=\"elementor-widget-wrap elementor-element-populated\">\n\t\t\t\t\t\t<div class=\"elementor-element elementor-element-69ca626 elementor-widget elementor-widget-qodef_team_list\" data-id=\"69ca626\" data-element_type=\"widget\" data-e-type=\"widget\" data-widget_type=\"qodef_team_list.default\">\n\t\t\t\t<div class=\"elementor-widget-container\">\n\t\t\t\t\t<div class=\"qodef-team-list-holder qodef-normal-space qodef-tl-four-columns\">\n\t<div class=\"qodef-tl-inner qodef-outer-space \" data-number-of-items=\"4\"  >\n\t\t<div class=\"qodef-team qodef-item-space info-bellow\">\n\t<div class=\"qodef-team-inner\">\n\t\t\t\t\t<div class=\"qodef-team-image\">\n                <a itemprop=\"url\" href=\"https:\/\/letsgoandtrain.com\/ca\/team-member\/darys-estopinan\/\">\n                    <img fetchpriority=\"high\" decoding=\"async\" width=\"465\" height=\"466\" src=\"https:\/\/letsgoandtrain.com\/wp-content\/uploads\/2018\/02\/DAYRIS.jpg\" class=\"attachment-full size-full wp-post-image\" alt=\"\" srcset=\"https:\/\/letsgoandtrain.com\/wp-content\/uploads\/2018\/02\/DAYRIS.jpg 465w, https:\/\/letsgoandtrain.com\/wp-content\/uploads\/2018\/02\/DAYRIS-300x300.jpg 300w, https:\/\/letsgoandtrain.com\/wp-content\/uploads\/2018\/02\/DAYRIS-150x150.jpg 150w\" sizes=\"(max-width: 465px) 100vw, 465px\" \/>                <\/a>\n\t\t\t<\/div>\n\t\t\t\t<div class=\"qodef-team-info\">\n            <div class=\"qodef-team-title-holder\">\n                <h5 itemprop=\"name\" class=\"qodef-team-name entry-title\">\n                    <a itemprop=\"url\" href=\"https:\/\/letsgoandtrain.com\/ca\/team-member\/darys-estopinan\/\">Darys Estopi\u00f1an<\/a>\n                <\/h5>\n\n                                    <h6 class=\"qodef-team-position\">Licenciado en INEF.<\/h6>\n                            <\/div>\n\t\t\t\t\t\t<div class=\"qodef-team-social-holder-between\">\n\t\t\t\t<div class=\"qodef-team-social\">\n\t\t\t\t\t<div class=\"qodef-team-social-inner\">\n\t\t\t\t\t\t<div class=\"qodef-team-social-wrapp\">\n\t\t\t\t\t\t\t\t\t\t\t\t\t<\/div>\n\t\t\t\t\t<\/div>\n\t\t\t\t<\/div>\n\t\t\t<\/div>\n\t\t<\/div>\n\t<\/div>\n<\/div><div class=\"qodef-team qodef-item-space info-bellow\">\n\t<div class=\"qodef-team-inner\">\n\t\t\t\t\t<div class=\"qodef-team-image\">\n                <a itemprop=\"url\" href=\"https:\/\/letsgoandtrain.com\/ca\/team-member\/edward-watson\/\">\n                    <img decoding=\"async\" width=\"465\" height=\"466\" src=\"https:\/\/letsgoandtrain.com\/wp-content\/uploads\/2018\/02\/RICARDO.jpg\" class=\"attachment-full size-full wp-post-image\" alt=\"\" srcset=\"https:\/\/letsgoandtrain.com\/wp-content\/uploads\/2018\/02\/RICARDO.jpg 465w, https:\/\/letsgoandtrain.com\/wp-content\/uploads\/2018\/02\/RICARDO-300x300.jpg 300w, https:\/\/letsgoandtrain.com\/wp-content\/uploads\/2018\/02\/RICARDO-150x150.jpg 150w\" sizes=\"(max-width: 465px) 100vw, 465px\" \/>                <\/a>\n\t\t\t<\/div>\n\t\t\t\t<div class=\"qodef-team-info\">\n            <div class=\"qodef-team-title-holder\">\n                <h5 itemprop=\"name\" class=\"qodef-team-name entry-title\">\n                    <a itemprop=\"url\" href=\"https:\/\/letsgoandtrain.com\/ca\/team-member\/edward-watson\/\">Ricardo Licea<\/a>\n                <\/h5>\n\n                                    <h6 class=\"qodef-team-position\">Graduado en Fisioterapia<\/h6>\n                            <\/div>\n\t\t\t\t\t\t<div class=\"qodef-team-social-holder-between\">\n\t\t\t\t<div class=\"qodef-team-social\">\n\t\t\t\t\t<div class=\"qodef-team-social-inner\">\n\t\t\t\t\t\t<div class=\"qodef-team-social-wrapp\">\n\t\t\t\t\t\t\t\t\t\t\t\t\t<\/div>\n\t\t\t\t\t<\/div>\n\t\t\t\t<\/div>\n\t\t\t<\/div>\n\t\t<\/div>\n\t<\/div>\n<\/div><div class=\"qodef-team qodef-item-space info-bellow\">\n\t<div class=\"qodef-team-inner\">\n\t\t\t\t\t<div class=\"qodef-team-image\">\n                <a itemprop=\"url\" href=\"https:\/\/letsgoandtrain.com\/ca\/team-member\/bruce-bailey\/\">\n                    <img decoding=\"async\" width=\"465\" height=\"466\" src=\"https:\/\/letsgoandtrain.com\/wp-content\/uploads\/2018\/02\/EDUGLEN.jpg\" class=\"attachment-full size-full wp-post-image\" alt=\"\" srcset=\"https:\/\/letsgoandtrain.com\/wp-content\/uploads\/2018\/02\/EDUGLEN.jpg 465w, https:\/\/letsgoandtrain.com\/wp-content\/uploads\/2018\/02\/EDUGLEN-300x300.jpg 300w, https:\/\/letsgoandtrain.com\/wp-content\/uploads\/2018\/02\/EDUGLEN-150x150.jpg 150w\" sizes=\"(max-width: 465px) 100vw, 465px\" \/>                <\/a>\n\t\t\t<\/div>\n\t\t\t\t<div class=\"qodef-team-info\">\n            <div class=\"qodef-team-title-holder\">\n                <h5 itemprop=\"name\" class=\"qodef-team-name entry-title\">\n                    <a itemprop=\"url\" href=\"https:\/\/letsgoandtrain.com\/ca\/team-member\/bruce-bailey\/\">EDUGLEN MATTOS<\/a>\n                <\/h5>\n\n                                    <h6 class=\"qodef-team-position\">Entrenador Personal Certificado<\/h6>\n                            <\/div>\n\t\t\t\t\t\t<div class=\"qodef-team-social-holder-between\">\n\t\t\t\t<div class=\"qodef-team-social\">\n\t\t\t\t\t<div class=\"qodef-team-social-inner\">\n\t\t\t\t\t\t<div class=\"qodef-team-social-wrapp\">\n\t\t\t\t\t\t\t\t\t\t\t\t\t<\/div>\n\t\t\t\t\t<\/div>\n\t\t\t\t<\/div>\n\t\t\t<\/div>\n\t\t<\/div>\n\t<\/div>\n<\/div><div class=\"qodef-team qodef-item-space info-bellow\">\n\t<div class=\"qodef-team-inner\">\n\t\t\t\t\t<div class=\"qodef-team-image\">\n                <a itemprop=\"url\" href=\"https:\/\/letsgoandtrain.com\/ca\/team-member\/gloria-parker-joice\/\">\n                    <img loading=\"lazy\" decoding=\"async\" width=\"465\" height=\"466\" src=\"https:\/\/letsgoandtrain.com\/wp-content\/uploads\/2018\/02\/ANNA.jpg\" class=\"attachment-full size-full wp-post-image\" alt=\"\" srcset=\"https:\/\/letsgoandtrain.com\/wp-content\/uploads\/2018\/02\/ANNA.jpg 465w, https:\/\/letsgoandtrain.com\/wp-content\/uploads\/2018\/02\/ANNA-300x300.jpg 300w, https:\/\/letsgoandtrain.com\/wp-content\/uploads\/2018\/02\/ANNA-150x150.jpg 150w\" sizes=\"(max-width: 465px) 100vw, 465px\" \/>                <\/a>\n\t\t\t<\/div>\n\t\t\t\t<div class=\"qodef-team-info\">\n            <div class=\"qodef-team-title-holder\">\n                <h5 itemprop=\"name\" class=\"qodef-team-name entry-title\">\n                    <a itemprop=\"url\" href=\"https:\/\/letsgoandtrain.com\/ca\/team-member\/gloria-parker-joice\/\">Anna Santidrian Bou<\/a>\n                <\/h5>\n\n                                    <h6 class=\"qodef-team-position\">Ciencias de la Actividad F\u00edsica y del Deporte<\/h6>\n                            <\/div>\n\t\t\t\t\t\t<div class=\"qodef-team-social-holder-between\">\n\t\t\t\t<div class=\"qodef-team-social\">\n\t\t\t\t\t<div class=\"qodef-team-social-inner\">\n\t\t\t\t\t\t<div class=\"qodef-team-social-wrapp\">\n\t\t\t\t\t\t\t\t\t\t\t\t\t<\/div>\n\t\t\t\t\t<\/div>\n\t\t\t\t<\/div>\n\t\t\t<\/div>\n\t\t<\/div>\n\t<\/div>\n<\/div>\t<\/div>\n<\/div>\t\t\t\t<\/div>\n\t\t\t\t<\/div>\n\t\t\t\t<div class=\"elementor-element elementor-element-04687db elementor-widget-divider--view-line elementor-widget elementor-widget-divider\" data-id=\"04687db\" data-element_type=\"widget\" data-e-type=\"widget\" data-widget_type=\"divider.default\">\n\t\t\t\t<div class=\"elementor-widget-container\">\n\t\t\t\t\t\t\t<div class=\"elementor-divider\">\n\t\t\t<span class=\"elementor-divider-separator\">\n\t\t\t\t\t\t<\/span>\n\t\t<\/div>\n\t\t\t\t\t\t<\/div>\n\t\t\t\t<\/div>\n\t\t\t\t<div class=\"elementor-element elementor-element-50765ae elementor-tabs-view-horizontal elementor-widget elementor-widget-tabs\" data-id=\"50765ae\" data-element_type=\"widget\" data-e-type=\"widget\" data-widget_type=\"tabs.default\">\n\t\t\t\t<div class=\"elementor-widget-container\">\n\t\t\t\t\t\t\t<div class=\"elementor-tabs\">\n\t\t\t<div class=\"elementor-tabs-wrapper\" role=\"tablist\" >\n\t\t\t\t\t\t\t\t\t<div id=\"elementor-tab-title-8431\" class=\"elementor-tab-title elementor-tab-desktop-title\" aria-selected=\"true\" data-tab=\"1\" role=\"tab\" tabindex=\"0\" aria-controls=\"elementor-tab-content-8431\" aria-expanded=\"false\">ANNA SANTIDRIAN BOU<\/div>\n\t\t\t\t\t\t\t\t\t<div id=\"elementor-tab-title-8432\" class=\"elementor-tab-title elementor-tab-desktop-title\" aria-selected=\"false\" data-tab=\"2\" role=\"tab\" tabindex=\"-1\" aria-controls=\"elementor-tab-content-8432\" aria-expanded=\"false\">EDUGLEN MATTOS<\/div>\n\t\t\t\t\t\t\t\t\t<div id=\"elementor-tab-title-8433\" class=\"elementor-tab-title elementor-tab-desktop-title\" aria-selected=\"false\" data-tab=\"3\" role=\"tab\" tabindex=\"-1\" aria-controls=\"elementor-tab-content-8433\" aria-expanded=\"false\">RICARDO LICEA<\/div>\n\t\t\t\t\t\t\t\t\t<div id=\"elementor-tab-title-8434\" class=\"elementor-tab-title elementor-tab-desktop-title\" aria-selected=\"false\" data-tab=\"4\" role=\"tab\" tabindex=\"-1\" aria-controls=\"elementor-tab-content-8434\" aria-expanded=\"false\">DARYS ESTOPI\u00d1AN<\/div>\n\t\t\t\t\t\t\t<\/div>\n\t\t\t<div class=\"elementor-tabs-content-wrapper\" role=\"tablist\" aria-orientation=\"vertical\">\n\t\t\t\t\t\t\t\t\t<div class=\"elementor-tab-title elementor-tab-mobile-title\" aria-selected=\"true\" data-tab=\"1\" role=\"tab\" tabindex=\"0\" aria-controls=\"elementor-tab-content-8431\" aria-expanded=\"false\">ANNA SANTIDRIAN BOU<\/div>\n\t\t\t\t\t<div id=\"elementor-tab-content-8431\" class=\"elementor-tab-content elementor-clearfix\" data-tab=\"1\" role=\"tabpanel\" aria-labelledby=\"elementor-tab-title-8431\" tabindex=\"0\" hidden=\"false\"><ul><li>Llicenciada en CAFE a Barcelona<\/li><li>M\u00e0ster en OSTEOP\u00c0TIA (EOB)<\/li><li>Curs BORN TO RUN (VIVOBAREFOOT)<\/li><li>Curs d\u00b4iniciaci\u00f3 de t\u00e8cniques d\u00b4activaci\u00f3 muscular (NMIT)<\/li><\/ul><\/div>\n\t\t\t\t\t\t\t\t\t<div class=\"elementor-tab-title elementor-tab-mobile-title\" aria-selected=\"false\" data-tab=\"2\" role=\"tab\" tabindex=\"-1\" aria-controls=\"elementor-tab-content-8432\" aria-expanded=\"false\">EDUGLEN MATTOS<\/div>\n\t\t\t\t\t<div id=\"elementor-tab-content-8432\" class=\"elementor-tab-content elementor-clearfix\" data-tab=\"2\" role=\"tabpanel\" aria-labelledby=\"elementor-tab-title-8432\" tabindex=\"0\" hidden=\"hidden\"><ul><li>Cultura f\u00edsica<\/li><li>Poblacions Especials<\/li><li>Readaptaci\u00f3 a l&#8217;Entrenament<\/li><li>Recomposici\u00f3 Corporal<\/li><li>Entrenament Funcional<\/li><li>For\u00e7a<\/li><li>Hipertr\u00f2fia<\/li><\/ul><\/div>\n\t\t\t\t\t\t\t\t\t<div class=\"elementor-tab-title elementor-tab-mobile-title\" aria-selected=\"false\" data-tab=\"3\" role=\"tab\" tabindex=\"-1\" aria-controls=\"elementor-tab-content-8433\" aria-expanded=\"false\">RICARDO LICEA<\/div>\n\t\t\t\t\t<div id=\"elementor-tab-content-8433\" class=\"elementor-tab-content elementor-clearfix\" data-tab=\"3\" role=\"tabpanel\" aria-labelledby=\"elementor-tab-title-8433\" tabindex=\"0\" hidden=\"hidden\"><ul><li>Graduat en Fisioter\u00e0pia<\/li><li>Certificaci\u00f3 d&#8217;Entrenador personal<\/li><li>M\u00e0ster en Fascial Stretch Therapy (USA)<\/li><li>Certificat a McKenzie Method<\/li><\/ul><\/div>\n\t\t\t\t\t\t\t\t\t<div class=\"elementor-tab-title elementor-tab-mobile-title\" aria-selected=\"false\" data-tab=\"4\" role=\"tab\" tabindex=\"-1\" aria-controls=\"elementor-tab-content-8434\" aria-expanded=\"false\">DARYS ESTOPI\u00d1AN<\/div>\n\t\t\t\t\t<div id=\"elementor-tab-content-8434\" class=\"elementor-tab-content elementor-clearfix\" data-tab=\"4\" role=\"tabpanel\" aria-labelledby=\"elementor-tab-title-8434\" tabindex=\"0\" hidden=\"hidden\"><ul><li>Entrenador Personal Certificat per ACSM( 2007)<\/li><li>Curs d&#8217;Alliberament Miofacial ( Holmes Place 2008)<\/li><li>Curs d&#8217;Advanced \u00a0Strecthing ( Holmes Place)<\/li><li>Certificat d&#8217;activitats de grup<\/li><li>Curs Born To Run (Vivobarefoot)<\/li><\/ul><\/div>\n\t\t\t\t\t\t\t<\/div>\n\t\t<\/div>\n\t\t\t\t\t\t<\/div>\n\t\t\t\t<\/div>\n\t\t\t\t<div class=\"elementor-element elementor-element-17760d6 elementor-widget elementor-widget-spacer\" data-id=\"17760d6\" data-element_type=\"widget\" data-e-type=\"widget\" data-widget_type=\"spacer.default\">\n\t\t\t\t<div class=\"elementor-widget-container\">\n\t\t\t\t\t\t\t<div class=\"elementor-spacer\">\n\t\t\t<div class=\"elementor-spacer-inner\"><\/div>\n\t\t<\/div>\n\t\t\t\t\t\t<\/div>\n\t\t\t\t<\/div>\n\t\t\t\t<div class=\"elementor-element elementor-element-7846037 elementor-widget elementor-widget-qodef_button\" data-id=\"7846037\" data-element_type=\"widget\" data-e-type=\"widget\" data-widget_type=\"qodef_button.default\">\n\t\t\t\t<div class=\"elementor-widget-container\">\n\t\t\t\t\t<a itemprop=\"url\" href=\"https:\/\/letsgoandtrain.com\/ca\/contacte\/\" target=\"_self\" style=\"background-color: #A2D998\" class=\"qodef-btn qodef-btn-small qodef-btn-solid qodef-btn-icon\"  0=\"background-color: #A2D998\">\n    <span class=\"qodef-btn-text\"><span class=\"qodef-btn-text-inner\">Contacta&#039;ns<\/span><\/span>\n    <span class=\"qodef-btn-text-inner qodef-btn-text-inner-icon\">\n    \t<i class=\"qodef-icon-ion-icon ion-arrow-right-c \" ><\/i>    \t<i class=\"qodef-icon-ion-icon ion-arrow-right-c \" ><\/i>\t\n    <\/span>\n<\/a>\t\t\t\t<\/div>\n\t\t\t\t<\/div>\n\t\t\t\t\t<\/div>\n\t\t<\/div>\n\t\t\t\t\t<\/div>\n\t\t<\/section>\n\t\t\t\t\t<\/div>\n\t\t<\/div>\n\t\t\t\t\t<\/div>\n\t\t<\/section>\n\t\t\t\t<\/div>\n\t\t","protected":false},"excerpt":{"rendered":"<p>Coneix el nostre equip 01 Sorry, no posts matched your criteria. ANNA SANTIDRIAN BOU EDUGLEN MATTOS RICARDO LICEA DARYS ESTOPI\u00d1AN ANNA SANTIDRIAN BOU Llicenciada en CAFE a Barcelona M\u00e0ster en OSTEOP\u00c0TIA (EOB) Curs BORN TO RUN (VIVOBAREFOOT) Curs d\u00b4iniciaci\u00f3 de t\u00e8cniques d\u00b4activaci\u00f3 muscular (NMIT) EDUGLEN MATTOS Cultura f\u00edsica Poblacions Especials Readaptaci\u00f3 a l&#8217;Entrenament Recomposici\u00f3 Corporal Entrenament Funcional For\u00e7a Hipertr\u00f2fia RICARDO LICEA Graduat en Fisioter\u00e0pia Certificaci\u00f3 d&#8217;Entrenador personal M\u00e0ster en Fascial Stretch Therapy (USA) Certificat a McKenzie Method DARYS ESTOPI\u00d1AN Entrenador Personal Certificat per ACSM( 2007) Curs d&#8217;Alliberament Miofacial ( Holmes [&hellip;]<\/p>\n","protected":false},"author":1,"featured_media":0,"parent":0,"menu_order":0,"comment_status":"closed","ping_status":"closed","template":"","meta":{"footnotes":""},"class_list":["post-9002","page","type-page","status-publish","hentry"],"yoast_head":"<!-- This site is optimized with the Yoast SEO plugin v27.4 - https:\/\/yoast.com\/product\/yoast-seo-wordpress\/ -->\n<title>El nostre equip - Let&#039;s go &amp; train<\/title>\n<meta name=\"robots\" content=\"index, follow, max-snippet:-1, max-image-preview:large, max-video-preview:-1\" \/>\n<link rel=\"canonical\" href=\"https:\/\/letsgoandtrain.com\/ca\/el-nostre-equip\/\" \/>\n<meta property=\"og:locale\" content=\"ca_ES\" \/>\n<meta property=\"og:type\" content=\"article\" \/>\n<meta property=\"og:title\" content=\"El nostre equip - Let&#039;s go &amp; train\" \/>\n<meta property=\"og:description\" content=\"Coneix el nostre equip 01 Sorry, no posts matched your criteria. ANNA SANTIDRIAN BOU EDUGLEN MATTOS RICARDO LICEA DARYS ESTOPI\u00d1AN ANNA SANTIDRIAN BOU Llicenciada en CAFE a Barcelona M\u00e0ster en OSTEOP\u00c0TIA (EOB) Curs BORN TO RUN (VIVOBAREFOOT) Curs d\u00b4iniciaci\u00f3 de t\u00e8cniques d\u00b4activaci\u00f3 muscular (NMIT) EDUGLEN MATTOS Cultura f\u00edsica Poblacions Especials Readaptaci\u00f3 a l&#8217;Entrenament Recomposici\u00f3 Corporal Entrenament Funcional For\u00e7a Hipertr\u00f2fia RICARDO LICEA Graduat en Fisioter\u00e0pia Certificaci\u00f3 d&#8217;Entrenador personal M\u00e0ster en Fascial Stretch Therapy (USA) Certificat a McKenzie Method DARYS ESTOPI\u00d1AN Entrenador Personal Certificat per ACSM( 2007) Curs d&#8217;Alliberament Miofacial ( Holmes [&hellip;]\" \/>\n<meta property=\"og:url\" content=\"https:\/\/letsgoandtrain.com\/ca\/el-nostre-equip\/\" \/>\n<meta property=\"og:site_name\" content=\"Let&#039;s go &amp; train\" \/>\n<meta property=\"article:modified_time\" content=\"2022-07-13T07:59:56+00:00\" \/>\n<meta name=\"twitter:card\" content=\"summary_large_image\" \/>\n<meta name=\"twitter:label1\" content=\"Temps estimat de lectura\" \/>\n\t<meta name=\"twitter:data1\" content=\"1 minut\" \/>\n<script type=\"application\/ld+json\" class=\"yoast-schema-graph\">{\"@context\":\"https:\\\/\\\/schema.org\",\"@graph\":[{\"@type\":\"WebPage\",\"@id\":\"https:\\\/\\\/letsgoandtrain.com\\\/ca\\\/el-nostre-equip\\\/\",\"url\":\"https:\\\/\\\/letsgoandtrain.com\\\/ca\\\/el-nostre-equip\\\/\",\"name\":\"El nostre equip - Let&#039;s go &amp; train\",\"isPartOf\":{\"@id\":\"https:\\\/\\\/letsgoandtrain.com\\\/#website\"},\"datePublished\":\"2018-02-21T13:08:06+00:00\",\"dateModified\":\"2022-07-13T07:59:56+00:00\",\"breadcrumb\":{\"@id\":\"https:\\\/\\\/letsgoandtrain.com\\\/ca\\\/el-nostre-equip\\\/#breadcrumb\"},\"inLanguage\":\"ca\",\"potentialAction\":[{\"@type\":\"ReadAction\",\"target\":[\"https:\\\/\\\/letsgoandtrain.com\\\/ca\\\/el-nostre-equip\\\/\"]}]},{\"@type\":\"BreadcrumbList\",\"@id\":\"https:\\\/\\\/letsgoandtrain.com\\\/ca\\\/el-nostre-equip\\\/#breadcrumb\",\"itemListElement\":[{\"@type\":\"ListItem\",\"position\":1,\"name\":\"Home\",\"item\":\"https:\\\/\\\/letsgoandtrain.com\\\/ca\\\/\"},{\"@type\":\"ListItem\",\"position\":2,\"name\":\"El nostre equip\"}]},{\"@type\":\"WebSite\",\"@id\":\"https:\\\/\\\/letsgoandtrain.com\\\/#website\",\"url\":\"https:\\\/\\\/letsgoandtrain.com\\\/\",\"name\":\"Let&#039;s go &amp; train\",\"description\":\"Entrenamiento personal, gimnasio\",\"publisher\":{\"@id\":\"https:\\\/\\\/letsgoandtrain.com\\\/#organization\"},\"potentialAction\":[{\"@type\":\"SearchAction\",\"target\":{\"@type\":\"EntryPoint\",\"urlTemplate\":\"https:\\\/\\\/letsgoandtrain.com\\\/?s={search_term_string}\"},\"query-input\":{\"@type\":\"PropertyValueSpecification\",\"valueRequired\":true,\"valueName\":\"search_term_string\"}}],\"inLanguage\":\"ca\"},{\"@type\":\"Organization\",\"@id\":\"https:\\\/\\\/letsgoandtrain.com\\\/#organization\",\"name\":\"Let&#039;s go &amp; train\",\"url\":\"https:\\\/\\\/letsgoandtrain.com\\\/\",\"logo\":{\"@type\":\"ImageObject\",\"inLanguage\":\"ca\",\"@id\":\"https:\\\/\\\/letsgoandtrain.com\\\/#\\\/schema\\\/logo\\\/image\\\/\",\"url\":\"https:\\\/\\\/letsgoandtrain.com\\\/wp-content\\\/uploads\\\/2021\\\/11\\\/Logo-LETSGOTRAINtriangle_v3.png\",\"contentUrl\":\"https:\\\/\\\/letsgoandtrain.com\\\/wp-content\\\/uploads\\\/2021\\\/11\\\/Logo-LETSGOTRAINtriangle_v3.png\",\"width\":130,\"height\":69,\"caption\":\"Let&#039;s go &amp; train\"},\"image\":{\"@id\":\"https:\\\/\\\/letsgoandtrain.com\\\/#\\\/schema\\\/logo\\\/image\\\/\"}}]}<\/script>\n<!-- \/ Yoast SEO plugin. -->","yoast_head_json":{"title":"El nostre equip - Let&#039;s go &amp; train","robots":{"index":"index","follow":"follow","max-snippet":"max-snippet:-1","max-image-preview":"max-image-preview:large","max-video-preview":"max-video-preview:-1"},"canonical":"https:\/\/letsgoandtrain.com\/ca\/el-nostre-equip\/","og_locale":"ca_ES","og_type":"article","og_title":"El nostre equip - Let&#039;s go &amp; train","og_description":"Coneix el nostre equip 01 Sorry, no posts matched your criteria. ANNA SANTIDRIAN BOU EDUGLEN MATTOS RICARDO LICEA DARYS ESTOPI\u00d1AN ANNA SANTIDRIAN BOU Llicenciada en CAFE a Barcelona M\u00e0ster en OSTEOP\u00c0TIA (EOB) Curs BORN TO RUN (VIVOBAREFOOT) Curs d\u00b4iniciaci\u00f3 de t\u00e8cniques d\u00b4activaci\u00f3 muscular (NMIT) EDUGLEN MATTOS Cultura f\u00edsica Poblacions Especials Readaptaci\u00f3 a l&#8217;Entrenament Recomposici\u00f3 Corporal Entrenament Funcional For\u00e7a Hipertr\u00f2fia RICARDO LICEA Graduat en Fisioter\u00e0pia Certificaci\u00f3 d&#8217;Entrenador personal M\u00e0ster en Fascial Stretch Therapy (USA) Certificat a McKenzie Method DARYS ESTOPI\u00d1AN Entrenador Personal Certificat per ACSM( 2007) Curs d&#8217;Alliberament Miofacial ( Holmes [&hellip;]","og_url":"https:\/\/letsgoandtrain.com\/ca\/el-nostre-equip\/","og_site_name":"Let&#039;s go &amp; train","article_modified_time":"2022-07-13T07:59:56+00:00","twitter_card":"summary_large_image","twitter_misc":{"Temps estimat de lectura":"1 minut"},"schema":{"@context":"https:\/\/schema.org","@graph":[{"@type":"WebPage","@id":"https:\/\/letsgoandtrain.com\/ca\/el-nostre-equip\/","url":"https:\/\/letsgoandtrain.com\/ca\/el-nostre-equip\/","name":"El nostre equip - Let&#039;s go &amp; train","isPartOf":{"@id":"https:\/\/letsgoandtrain.com\/#website"},"datePublished":"2018-02-21T13:08:06+00:00","dateModified":"2022-07-13T07:59:56+00:00","breadcrumb":{"@id":"https:\/\/letsgoandtrain.com\/ca\/el-nostre-equip\/#breadcrumb"},"inLanguage":"ca","potentialAction":[{"@type":"ReadAction","target":["https:\/\/letsgoandtrain.com\/ca\/el-nostre-equip\/"]}]},{"@type":"BreadcrumbList","@id":"https:\/\/letsgoandtrain.com\/ca\/el-nostre-equip\/#breadcrumb","itemListElement":[{"@type":"ListItem","position":1,"name":"Home","item":"https:\/\/letsgoandtrain.com\/ca\/"},{"@type":"ListItem","position":2,"name":"El nostre equip"}]},{"@type":"WebSite","@id":"https:\/\/letsgoandtrain.com\/#website","url":"https:\/\/letsgoandtrain.com\/","name":"Let&#039;s go &amp; train","description":"Entrenamiento personal, gimnasio","publisher":{"@id":"https:\/\/letsgoandtrain.com\/#organization"},"potentialAction":[{"@type":"SearchAction","target":{"@type":"EntryPoint","urlTemplate":"https:\/\/letsgoandtrain.com\/?s={search_term_string}"},"query-input":{"@type":"PropertyValueSpecification","valueRequired":true,"valueName":"search_term_string"}}],"inLanguage":"ca"},{"@type":"Organization","@id":"https:\/\/letsgoandtrain.com\/#organization","name":"Let&#039;s go &amp; train","url":"https:\/\/letsgoandtrain.com\/","logo":{"@type":"ImageObject","inLanguage":"ca","@id":"https:\/\/letsgoandtrain.com\/#\/schema\/logo\/image\/","url":"https:\/\/letsgoandtrain.com\/wp-content\/uploads\/2021\/11\/Logo-LETSGOTRAINtriangle_v3.png","contentUrl":"https:\/\/letsgoandtrain.com\/wp-content\/uploads\/2021\/11\/Logo-LETSGOTRAINtriangle_v3.png","width":130,"height":69,"caption":"Let&#039;s go &amp; train"},"image":{"@id":"https:\/\/letsgoandtrain.com\/#\/schema\/logo\/image\/"}}]}},"_links":{"self":[{"href":"https:\/\/letsgoandtrain.com\/ca\/wp-json\/wp\/v2\/pages\/9002","targetHints":{"allow":["GET"]}}],"collection":[{"href":"https:\/\/letsgoandtrain.com\/ca\/wp-json\/wp\/v2\/pages"}],"about":[{"href":"https:\/\/letsgoandtrain.com\/ca\/wp-json\/wp\/v2\/types\/page"}],"author":[{"embeddable":true,"href":"https:\/\/letsgoandtrain.com\/ca\/wp-json\/wp\/v2\/users\/1"}],"replies":[{"embeddable":true,"href":"https:\/\/letsgoandtrain.com\/ca\/wp-json\/wp\/v2\/comments?post=9002"}],"version-history":[{"count":17,"href":"https:\/\/letsgoandtrain.com\/ca\/wp-json\/wp\/v2\/pages\/9002\/revisions"}],"predecessor-version":[{"id":9089,"href":"https:\/\/letsgoandtrain.com\/ca\/wp-json\/wp\/v2\/pages\/9002\/revisions\/9089"}],"wp:attachment":[{"href":"https:\/\/letsgoandtrain.com\/ca\/wp-json\/wp\/v2\/media?parent=9002"}],"curies":[{"name":"wp","href":"https:\/\/api.w.org\/{rel}","templated":true}]}}