{"id":8966,"date":"2018-03-01T14:16:29","date_gmt":"2018-03-01T14:16:29","guid":{"rendered":"https:\/\/letsgoandtrain.com\/contacto\/"},"modified":"2022-07-12T08:51:47","modified_gmt":"2022-07-12T08:51:47","slug":"contacte","status":"publish","type":"page","link":"https:\/\/letsgoandtrain.com\/ca\/contacte\/","title":{"rendered":"Contacte"},"content":{"rendered":"\t\t<div data-elementor-type=\"wp-page\" data-elementor-id=\"8966\" class=\"elementor elementor-8966 elementor-1774\">\n\t\t\t\t\t\t<section class=\"elementor-section elementor-top-section elementor-element elementor-element-5853a80 qodef-elementor-row-grid-section elementor-section-full_width elementor-section-height-default elementor-section-height-default qodef-parallax-row-no qodef-content-aligment-left qodef-disabled-bg-image-bellow-no\" data-id=\"5853a80\" data-element_type=\"section\" data-e-type=\"section\">\n\t\t\t\t\t\t<div class=\"elementor-container elementor-column-gap-default\">\n\t\t\t\t\t<div class=\"elementor-column elementor-col-50 elementor-top-column elementor-element elementor-element-21890f5\" data-id=\"21890f5\" data-element_type=\"column\" data-e-type=\"column\">\n\t\t\t<div class=\"elementor-widget-wrap elementor-element-populated\">\n\t\t\t\t\t\t<div class=\"elementor-element elementor-element-28225ba elementor-widget elementor-widget-google_maps\" data-id=\"28225ba\" data-element_type=\"widget\" data-e-type=\"widget\" data-widget_type=\"google_maps.default\">\n\t\t\t\t<div class=\"elementor-widget-container\">\n\t\t\t\t\t\t\t<div class=\"elementor-custom-embed\">\n\t\t\t<iframe loading=\"lazy\"\n\t\t\t\t\tsrc=\"https:\/\/maps.google.com\/maps?q=Val%C3%A8ncia%2C%20261%2C%20baixos%201a%2C%2008007%20Barcelona&#038;t=m&#038;z=12&#038;output=embed&#038;iwloc=near\"\n\t\t\t\t\ttitle=\"Val\u00e8ncia, 261, baixos 1a, 08007 Barcelona\"\n\t\t\t\t\taria-label=\"Val\u00e8ncia, 261, baixos 1a, 08007 Barcelona\"\n\t\t\t><\/iframe>\n\t\t<\/div>\n\t\t\t\t\t\t<\/div>\n\t\t\t\t<\/div>\n\t\t\t\t<div class=\"elementor-element elementor-element-fc6e17d elementor-widget elementor-widget-qodef_section_title\" data-id=\"fc6e17d\" data-element_type=\"widget\" data-e-type=\"widget\" data-widget_type=\"qodef_section_title.default\">\n\t\t\t\t<div class=\"elementor-widget-container\">\n\t\t\t\t\t<div class=\"qodef-section-title-holder   \" >\n\t<div class=\"qodef-st-inner\">\n\t\t\t\t\t<h5 class=\"qodef-st-title\" >\n\t\t\t\tAdre\u00e7a\t\t\t<\/h5>\n\t\t        \t\t\t<\/div>\n<\/div>\t\t\t\t<\/div>\n\t\t\t\t<\/div>\n\t\t\t\t<div class=\"elementor-element elementor-element-250d2a8 elementor-widget elementor-widget-text-editor\" data-id=\"250d2a8\" data-element_type=\"widget\" data-e-type=\"widget\" data-widget_type=\"text-editor.default\">\n\t\t\t\t<div class=\"elementor-widget-container\">\n\t\t\t\t\t\t\t\t\t<p><a href=\"https:\/\/www.google.com\/maps\/place\/Let's+go+%26+train\/@41.3935655,2.1630536,18z\/data=!4m9!1m2!2m1!1sVal%C3%A8ncia,+261,+baixos+1a,+08007+Barcelona!3m5!1s0x12a4a35f026a1fd1:0x2a166e16ae235e23!8m2!3d41.3937993!4d2.1645903!15sCipWYWzDqG5jaWEsIDI2MSwgYmFpeG9zIDFhLCAwODAwNyBCYXJjZWxvbmGSARBwZXJzb25hbF90cmFpbmVy\"><span style=\"color: #000000;\">Val\u00e8ncia, 261, baixos 1a, 08007 Barcelona<\/span><\/a><\/p>\t\t\t\t\t\t\t\t<\/div>\n\t\t\t\t<\/div>\n\t\t\t\t<section class=\"elementor-section elementor-inner-section elementor-element elementor-element-42002d3 elementor-section-full_width elementor-section-height-default elementor-section-height-default qodef-parallax-row-no qodef-content-aligment-left qodef-elementor-row-grid-no qodef-disabled-bg-image-bellow-no\" data-id=\"42002d3\" data-element_type=\"section\" data-e-type=\"section\">\n\t\t\t\t\t\t<div class=\"elementor-container elementor-column-gap-default\">\n\t\t\t\t\t<div class=\"elementor-column elementor-col-50 elementor-inner-column elementor-element elementor-element-863679a\" data-id=\"863679a\" data-element_type=\"column\" data-e-type=\"column\">\n\t\t\t<div class=\"elementor-widget-wrap elementor-element-populated\">\n\t\t\t\t\t\t<div class=\"elementor-element elementor-element-626f2b1 elementor-widget elementor-widget-text-editor\" data-id=\"626f2b1\" data-element_type=\"widget\" data-e-type=\"widget\" data-widget_type=\"text-editor.default\">\n\t\t\t\t<div class=\"elementor-widget-container\">\n\t\t\t\t\t\t\t\t\t<h5>Tel\u00e8fon<\/h5>\t\t\t\t\t\t\t\t<\/div>\n\t\t\t\t<\/div>\n\t\t\t\t<div class=\"elementor-element elementor-element-49a2c1c elementor-widget elementor-widget-text-editor\" data-id=\"49a2c1c\" data-element_type=\"widget\" data-e-type=\"widget\" data-widget_type=\"text-editor.default\">\n\t\t\t\t<div class=\"elementor-widget-container\">\n\t\t\t\t\t\t\t\t\t<p>+34 934 872 121<\/p>\t\t\t\t\t\t\t\t<\/div>\n\t\t\t\t<\/div>\n\t\t\t\t\t<\/div>\n\t\t<\/div>\n\t\t\t\t<div class=\"elementor-column elementor-col-50 elementor-inner-column elementor-element elementor-element-6db1215\" data-id=\"6db1215\" data-element_type=\"column\" data-e-type=\"column\">\n\t\t\t<div class=\"elementor-widget-wrap elementor-element-populated\">\n\t\t\t\t\t\t<div class=\"elementor-element elementor-element-113cfe3 elementor-widget elementor-widget-text-editor\" data-id=\"113cfe3\" data-element_type=\"widget\" data-e-type=\"widget\" data-widget_type=\"text-editor.default\">\n\t\t\t\t<div class=\"elementor-widget-container\">\n\t\t\t\t\t\t\t\t\t<h5>Email<\/h5>\t\t\t\t\t\t\t\t<\/div>\n\t\t\t\t<\/div>\n\t\t\t\t<div class=\"elementor-element elementor-element-948c091 elementor-widget elementor-widget-text-editor\" data-id=\"948c091\" data-element_type=\"widget\" data-e-type=\"widget\" data-widget_type=\"text-editor.default\">\n\t\t\t\t<div class=\"elementor-widget-container\">\n\t\t\t\t\t\t\t\t\t<h6><a href=\"mailto:info@letsgoandtrain.com\"><span style=\"color: #f34e3a;\"><span style=\"color: #a2d998;\">info@letsgoandtrain.com<\/span><\/span><\/a><\/h6>\t\t\t\t\t\t\t\t<\/div>\n\t\t\t\t<\/div>\n\t\t\t\t\t<\/div>\n\t\t<\/div>\n\t\t\t\t\t<\/div>\n\t\t<\/section>\n\t\t\t\t<div class=\"elementor-element elementor-element-a3e5787 elementor-widget elementor-widget-text-editor\" data-id=\"a3e5787\" data-element_type=\"widget\" data-e-type=\"widget\" data-widget_type=\"text-editor.default\">\n\t\t\t\t<div class=\"elementor-widget-container\">\n\t\t\t\t\t\t\t\t\t<h3>Centre de Fitness<\/h3>\t\t\t\t\t\t\t\t<\/div>\n\t\t\t\t<\/div>\n\t\t\t\t\t<\/div>\n\t\t<\/div>\n\t\t\t\t<div class=\"elementor-column elementor-col-50 elementor-top-column elementor-element elementor-element-59284a4\" data-id=\"59284a4\" data-element_type=\"column\" data-e-type=\"column\">\n\t\t\t<div class=\"elementor-widget-wrap elementor-element-populated\">\n\t\t\t\t\t\t<div class=\"elementor-element elementor-element-774acf7 elementor-widget elementor-widget-qodef_cf7\" data-id=\"774acf7\" data-element_type=\"widget\" data-e-type=\"widget\" data-widget_type=\"qodef_cf7.default\">\n\t\t\t\t<div class=\"elementor-widget-container\">\n\t\t\t\t\t    \n<div class=\"wpcf7 no-js\" id=\"wpcf7-f8975-o1\" lang=\"en-US\" dir=\"ltr\" data-wpcf7-id=\"8975\">\n<div class=\"screen-reader-response\"><p role=\"status\" aria-live=\"polite\" aria-atomic=\"true\"><\/p> <ul><\/ul><\/div>\n<form action=\"\/ca\/wp-json\/wp\/v2\/pages\/8966#wpcf7-f8975-o1\" method=\"post\" class=\"wpcf7-form init cf7_custom_style_3\" aria-label=\"Contact form\" novalidate=\"novalidate\" data-status=\"init\">\n<fieldset class=\"hidden-fields-container\"><input type=\"hidden\" name=\"_wpcf7\" value=\"8975\" \/><input type=\"hidden\" name=\"_wpcf7_version\" value=\"6.1.5\" \/><input type=\"hidden\" name=\"_wpcf7_locale\" value=\"en_US\" \/><input type=\"hidden\" name=\"_wpcf7_unit_tag\" value=\"wpcf7-f8975-o1\" \/><input type=\"hidden\" name=\"_wpcf7_container_post\" value=\"0\" \/><input type=\"hidden\" name=\"_wpcf7_posted_data_hash\" value=\"\" \/><input type=\"hidden\" name=\"_wpcf7_recaptcha_response\" value=\"\" \/>\n<\/fieldset>\n<div>\n\t<div class=\"qodef-grid-row mkd-grid-tiny-gutter\">\n\t\t<div class=\"qodef-grid-col-12\">\n\t\t\t<p><span class=\"wpcf7-form-control-wrap\" data-name=\"first-name\"><input size=\"40\" maxlength=\"400\" class=\"wpcf7-form-control wpcf7-text wpcf7-validates-as-required\" aria-required=\"true\" aria-invalid=\"false\" placeholder=\"Nom\" value=\"\" type=\"text\" name=\"first-name\" \/><\/span>\n\t\t\t<\/p>\n\t\t<\/div>\n\t\t<div class=\"qodef-grid-col-12\">\n\t\t\t<p><span class=\"wpcf7-form-control-wrap\" data-name=\"last-name\"><input size=\"40\" maxlength=\"400\" class=\"wpcf7-form-control wpcf7-text wpcf7-validates-as-required\" aria-required=\"true\" aria-invalid=\"false\" placeholder=\"Cognoms\" value=\"\" type=\"text\" name=\"last-name\" \/><\/span>\n\t\t\t<\/p>\n\t\t<\/div>\n\t<\/div>\n\t<div class=\"qodef-grid-row mkd-grid-tiny-gutter\">\n\t\t<div class=\"qodef-grid-col-12\">\n\t\t\t<p><span class=\"wpcf7-form-control-wrap\" data-name=\"phone\"><input size=\"40\" maxlength=\"400\" class=\"wpcf7-form-control wpcf7-text wpcf7-validates-as-required\" aria-required=\"true\" aria-invalid=\"false\" placeholder=\"Tel\u00e8fon\" value=\"\" type=\"text\" name=\"phone\" \/><\/span>\n\t\t\t<\/p>\n\t\t<\/div>\n\t\t<div class=\"qodef-grid-col-12\">\n\t\t\t<p><span class=\"wpcf7-form-control-wrap\" data-name=\"email\"><input size=\"40\" maxlength=\"400\" class=\"wpcf7-form-control wpcf7-text wpcf7-validates-as-required\" aria-required=\"true\" aria-invalid=\"false\" placeholder=\"Email\" value=\"\" type=\"text\" name=\"email\" \/><\/span>\n\t\t\t<\/p>\n\t\t<\/div>\n\t<\/div>\n\t<div class=\"qodef-grid-row\">\n\t\t<div class=\"qodef-grid-col-12\">\n\t\t\t<p><span class=\"wpcf7-form-control-wrap\" data-name=\"message\"><textarea cols=\"40\" rows=\"10\" maxlength=\"2000\" class=\"wpcf7-form-control wpcf7-textarea wpcf7-validates-as-required\" aria-required=\"true\" aria-invalid=\"false\" placeholder=\"Missatge\" name=\"message\"><\/textarea><\/span>\n\t\t\t<\/p>\n\t\t<\/div>\n\t<\/div>\n\t<div class=\"qodef-grid-row\">\n\t\t<div class=\"qodef-grid-col-12\">\n\t\t\t<div class=\"qodef-btn qodef-btn-small qodef-btn-solid qodef-btn-icon qodef-custom-cf-7-button\">\n\t\t\t\t<p><input class=\"wpcf7-form-control wpcf7-submit has-spinner\" type=\"submit\" value=\"Send\" \/><span class=\"qodef-btn-text\">ENVIAR<\/span><span class=\"qodef-btn-text-inner qodef-btn-text-inner-icon\"><i class=\"qodef-icon-ion-icon ion-arrow-right-c \"><\/i><i class=\"qodef-icon-ion-icon ion-arrow-right-c \"><\/i><\/span>\n\t\t\t\t<\/p>\n\t\t\t<\/div>\n\t\t<\/div>\n\t<\/div>\n<\/div><div class=\"wpcf7-response-output\" aria-hidden=\"true\"><\/div>\n<\/form>\n<\/div>\n\t\t\t\t<\/div>\n\t\t\t\t<\/div>\n\t\t\t\t\t<\/div>\n\t\t<\/div>\n\t\t\t\t\t<\/div>\n\t\t<\/section>\n\t\t\t\t<section class=\"elementor-section elementor-top-section elementor-element elementor-element-2e3067d elementor-section-full_width elementor-section-height-default elementor-section-height-default qodef-parallax-row-no qodef-content-aligment-left qodef-elementor-row-grid-no qodef-disabled-bg-image-bellow-no\" data-id=\"2e3067d\" data-element_type=\"section\" data-e-type=\"section\" data-settings=\"{&quot;background_background&quot;:&quot;classic&quot;}\">\n\t\t\t\t\t\t<div class=\"elementor-container elementor-column-gap-default\">\n\t\t\t\t\t<div class=\"elementor-column elementor-col-100 elementor-top-column elementor-element elementor-element-68331f8\" data-id=\"68331f8\" data-element_type=\"column\" data-e-type=\"column\">\n\t\t\t<div class=\"elementor-widget-wrap elementor-element-populated\">\n\t\t\t\t\t\t<div class=\"elementor-element elementor-element-877f339 elementor-widget elementor-widget-text-editor\" data-id=\"877f339\" data-element_type=\"widget\" data-e-type=\"widget\" data-widget_type=\"text-editor.default\">\n\t\t\t\t<div class=\"elementor-widget-container\">\n\t\t\t\t\t\t\t\t\t<h5 style=\"text-align: center;\"><span style=\"color: #ffffff;\">Segueix-nos a&#8230;<\/span><\/h5>\t\t\t\t\t\t\t\t<\/div>\n\t\t\t\t<\/div>\n\t\t\t\t<div class=\"elementor-element elementor-element-a7d9437 elementor-widget__width-auto elementor-widget elementor-widget-qodef_icon\" data-id=\"a7d9437\" data-element_type=\"widget\" data-e-type=\"widget\" data-widget_type=\"qodef_icon.default\">\n\t\t\t\t<div class=\"elementor-widget-container\">\n\t\t\t\t\t    <span class=\"qodef-icon-shortcode qodef-circle   qodef-icon-large\" style=\"margin: 0px 19px 0px 0px;width: 55px;height: 55px;line-height: 55px;background-color: #75BA69\" data-hover-background-color=\"#FFFFFF\" data-hover-color=\"#75BA69\" data-color=\"#FFFFFF\">\n                    <a itemprop=\"url\" class=\"\" href=\"https:\/\/instagram.com\/letsgoandtrain?utm_medium=copy_link\" target=\"_blank\">\n                    <i class=\"qodef-icon-font-awesome fa fa-instagram qodef-icon-element\" style=\"color: #FFFFFF;font-size:20px\" ><\/i>                    <\/a>\n            <\/span>\n\t\t\t\t<\/div>\n\t\t\t\t<\/div>\n\t\t\t\t\t<\/div>\n\t\t<\/div>\n\t\t\t\t\t<\/div>\n\t\t<\/section>\n\t\t\t\t<\/div>\n\t\t","protected":false},"excerpt":{"rendered":"<p>Adre\u00e7a Val\u00e8ncia, 261, baixos 1a, 08007 Barcelona Tel\u00e8fon +34 934 872 121 Email info@letsgoandtrain.com Centre de Fitness ENVIAR Segueix-nos a&#8230;<\/p>\n","protected":false},"author":1,"featured_media":0,"parent":0,"menu_order":0,"comment_status":"closed","ping_status":"closed","template":"full-width.php","meta":{"footnotes":""},"class_list":["post-8966","page","type-page","status-publish","hentry"],"yoast_head":"<!-- This site is optimized with the Yoast SEO plugin v27.4 - https:\/\/yoast.com\/product\/yoast-seo-wordpress\/ -->\n<title>Contacte - Let&#039;s go &amp; train<\/title>\n<meta name=\"robots\" content=\"index, follow, max-snippet:-1, max-image-preview:large, max-video-preview:-1\" \/>\n<link rel=\"canonical\" href=\"https:\/\/letsgoandtrain.com\/ca\/contacte\/\" \/>\n<meta property=\"og:locale\" content=\"ca_ES\" \/>\n<meta property=\"og:type\" content=\"article\" \/>\n<meta property=\"og:title\" content=\"Contacte - Let&#039;s go &amp; train\" \/>\n<meta property=\"og:description\" content=\"Adre\u00e7a Val\u00e8ncia, 261, baixos 1a, 08007 Barcelona Tel\u00e8fon +34 934 872 121 Email info@letsgoandtrain.com Centre de Fitness ENVIAR Segueix-nos a&#8230;\" \/>\n<meta property=\"og:url\" content=\"https:\/\/letsgoandtrain.com\/ca\/contacte\/\" \/>\n<meta property=\"og:site_name\" content=\"Let&#039;s go &amp; train\" \/>\n<meta property=\"article:modified_time\" content=\"2022-07-12T08:51:47+00:00\" \/>\n<meta name=\"twitter:card\" content=\"summary_large_image\" \/>\n<meta name=\"twitter:label1\" content=\"Temps estimat de lectura\" \/>\n\t<meta name=\"twitter:data1\" content=\"1 minut\" \/>\n<script type=\"application\/ld+json\" class=\"yoast-schema-graph\">{\"@context\":\"https:\\\/\\\/schema.org\",\"@graph\":[{\"@type\":\"WebPage\",\"@id\":\"https:\\\/\\\/letsgoandtrain.com\\\/ca\\\/contacte\\\/\",\"url\":\"https:\\\/\\\/letsgoandtrain.com\\\/ca\\\/contacte\\\/\",\"name\":\"Contacte - Let&#039;s go &amp; train\",\"isPartOf\":{\"@id\":\"https:\\\/\\\/letsgoandtrain.com\\\/#website\"},\"datePublished\":\"2018-03-01T14:16:29+00:00\",\"dateModified\":\"2022-07-12T08:51:47+00:00\",\"breadcrumb\":{\"@id\":\"https:\\\/\\\/letsgoandtrain.com\\\/ca\\\/contacte\\\/#breadcrumb\"},\"inLanguage\":\"ca\",\"potentialAction\":[{\"@type\":\"ReadAction\",\"target\":[\"https:\\\/\\\/letsgoandtrain.com\\\/ca\\\/contacte\\\/\"]}]},{\"@type\":\"BreadcrumbList\",\"@id\":\"https:\\\/\\\/letsgoandtrain.com\\\/ca\\\/contacte\\\/#breadcrumb\",\"itemListElement\":[{\"@type\":\"ListItem\",\"position\":1,\"name\":\"Home\",\"item\":\"https:\\\/\\\/letsgoandtrain.com\\\/ca\\\/\"},{\"@type\":\"ListItem\",\"position\":2,\"name\":\"Contacte\"}]},{\"@type\":\"WebSite\",\"@id\":\"https:\\\/\\\/letsgoandtrain.com\\\/#website\",\"url\":\"https:\\\/\\\/letsgoandtrain.com\\\/\",\"name\":\"Let&#039;s go &amp; train\",\"description\":\"Entrenamiento personal, gimnasio\",\"publisher\":{\"@id\":\"https:\\\/\\\/letsgoandtrain.com\\\/#organization\"},\"potentialAction\":[{\"@type\":\"SearchAction\",\"target\":{\"@type\":\"EntryPoint\",\"urlTemplate\":\"https:\\\/\\\/letsgoandtrain.com\\\/?s={search_term_string}\"},\"query-input\":{\"@type\":\"PropertyValueSpecification\",\"valueRequired\":true,\"valueName\":\"search_term_string\"}}],\"inLanguage\":\"ca\"},{\"@type\":\"Organization\",\"@id\":\"https:\\\/\\\/letsgoandtrain.com\\\/#organization\",\"name\":\"Let&#039;s go &amp; train\",\"url\":\"https:\\\/\\\/letsgoandtrain.com\\\/\",\"logo\":{\"@type\":\"ImageObject\",\"inLanguage\":\"ca\",\"@id\":\"https:\\\/\\\/letsgoandtrain.com\\\/#\\\/schema\\\/logo\\\/image\\\/\",\"url\":\"https:\\\/\\\/letsgoandtrain.com\\\/wp-content\\\/uploads\\\/2021\\\/11\\\/Logo-LETSGOTRAINtriangle_v3.png\",\"contentUrl\":\"https:\\\/\\\/letsgoandtrain.com\\\/wp-content\\\/uploads\\\/2021\\\/11\\\/Logo-LETSGOTRAINtriangle_v3.png\",\"width\":130,\"height\":69,\"caption\":\"Let&#039;s go &amp; train\"},\"image\":{\"@id\":\"https:\\\/\\\/letsgoandtrain.com\\\/#\\\/schema\\\/logo\\\/image\\\/\"}}]}<\/script>\n<!-- \/ Yoast SEO plugin. -->","yoast_head_json":{"title":"Contacte - Let&#039;s go &amp; train","robots":{"index":"index","follow":"follow","max-snippet":"max-snippet:-1","max-image-preview":"max-image-preview:large","max-video-preview":"max-video-preview:-1"},"canonical":"https:\/\/letsgoandtrain.com\/ca\/contacte\/","og_locale":"ca_ES","og_type":"article","og_title":"Contacte - Let&#039;s go &amp; train","og_description":"Adre\u00e7a Val\u00e8ncia, 261, baixos 1a, 08007 Barcelona Tel\u00e8fon +34 934 872 121 Email info@letsgoandtrain.com Centre de Fitness ENVIAR Segueix-nos a&#8230;","og_url":"https:\/\/letsgoandtrain.com\/ca\/contacte\/","og_site_name":"Let&#039;s go &amp; train","article_modified_time":"2022-07-12T08:51:47+00:00","twitter_card":"summary_large_image","twitter_misc":{"Temps estimat de lectura":"1 minut"},"schema":{"@context":"https:\/\/schema.org","@graph":[{"@type":"WebPage","@id":"https:\/\/letsgoandtrain.com\/ca\/contacte\/","url":"https:\/\/letsgoandtrain.com\/ca\/contacte\/","name":"Contacte - Let&#039;s go &amp; train","isPartOf":{"@id":"https:\/\/letsgoandtrain.com\/#website"},"datePublished":"2018-03-01T14:16:29+00:00","dateModified":"2022-07-12T08:51:47+00:00","breadcrumb":{"@id":"https:\/\/letsgoandtrain.com\/ca\/contacte\/#breadcrumb"},"inLanguage":"ca","potentialAction":[{"@type":"ReadAction","target":["https:\/\/letsgoandtrain.com\/ca\/contacte\/"]}]},{"@type":"BreadcrumbList","@id":"https:\/\/letsgoandtrain.com\/ca\/contacte\/#breadcrumb","itemListElement":[{"@type":"ListItem","position":1,"name":"Home","item":"https:\/\/letsgoandtrain.com\/ca\/"},{"@type":"ListItem","position":2,"name":"Contacte"}]},{"@type":"WebSite","@id":"https:\/\/letsgoandtrain.com\/#website","url":"https:\/\/letsgoandtrain.com\/","name":"Let&#039;s go &amp; train","description":"Entrenamiento personal, gimnasio","publisher":{"@id":"https:\/\/letsgoandtrain.com\/#organization"},"potentialAction":[{"@type":"SearchAction","target":{"@type":"EntryPoint","urlTemplate":"https:\/\/letsgoandtrain.com\/?s={search_term_string}"},"query-input":{"@type":"PropertyValueSpecification","valueRequired":true,"valueName":"search_term_string"}}],"inLanguage":"ca"},{"@type":"Organization","@id":"https:\/\/letsgoandtrain.com\/#organization","name":"Let&#039;s go &amp; train","url":"https:\/\/letsgoandtrain.com\/","logo":{"@type":"ImageObject","inLanguage":"ca","@id":"https:\/\/letsgoandtrain.com\/#\/schema\/logo\/image\/","url":"https:\/\/letsgoandtrain.com\/wp-content\/uploads\/2021\/11\/Logo-LETSGOTRAINtriangle_v3.png","contentUrl":"https:\/\/letsgoandtrain.com\/wp-content\/uploads\/2021\/11\/Logo-LETSGOTRAINtriangle_v3.png","width":130,"height":69,"caption":"Let&#039;s go &amp; train"},"image":{"@id":"https:\/\/letsgoandtrain.com\/#\/schema\/logo\/image\/"}}]}},"_links":{"self":[{"href":"https:\/\/letsgoandtrain.com\/ca\/wp-json\/wp\/v2\/pages\/8966","targetHints":{"allow":["GET"]}}],"collection":[{"href":"https:\/\/letsgoandtrain.com\/ca\/wp-json\/wp\/v2\/pages"}],"about":[{"href":"https:\/\/letsgoandtrain.com\/ca\/wp-json\/wp\/v2\/types\/page"}],"author":[{"embeddable":true,"href":"https:\/\/letsgoandtrain.com\/ca\/wp-json\/wp\/v2\/users\/1"}],"replies":[{"embeddable":true,"href":"https:\/\/letsgoandtrain.com\/ca\/wp-json\/wp\/v2\/comments?post=8966"}],"version-history":[{"count":7,"href":"https:\/\/letsgoandtrain.com\/ca\/wp-json\/wp\/v2\/pages\/8966\/revisions"}],"predecessor-version":[{"id":8978,"href":"https:\/\/letsgoandtrain.com\/ca\/wp-json\/wp\/v2\/pages\/8966\/revisions\/8978"}],"wp:attachment":[{"href":"https:\/\/letsgoandtrain.com\/ca\/wp-json\/wp\/v2\/media?parent=8966"}],"curies":[{"name":"wp","href":"https:\/\/api.w.org\/{rel}","templated":true}]}}